{"id":460,"date":"2024-10-20T16:00:39","date_gmt":"2024-10-20T16:00:39","guid":{"rendered":"https:\/\/hundu.info\/wp\/?page_id=460"},"modified":"2026-01-27T20:15:22","modified_gmt":"2026-01-27T20:15:22","slug":"kurse-workshops-webinare","status":"publish","type":"page","link":"https:\/\/hundu.info\/wp\/kurse-workshops-webinare\/","title":{"rendered":"Kurse \/ Workshops"},"content":{"rendered":"\n<h1 class=\"wp-block-heading\">Begegnungstraining und Spazierg\u00e4nge<\/h1>\n\n\n\n<p>Wir gehen regelm\u00e4\u00dfig spazieren. Termine und Planung erfolgen \u00fcber unser WhatsApp-Gruppe.<\/p>\n\n\n\n<h1 class=\"wp-block-heading\">Laufende Kurse Lindlar<\/h1>\n\n\n\n<p>Mittwoch 18:00 Uhr Hund(u)Aggi (Jule)<\/p>\n\n\n\n<p>Mittwoch 19:00 Uhr Hund(u)Herum\u00a0 -Longieren (Jule)<\/p>\n\n\n\n<p>Donnerstag, 17:00 Uhr Hund(u)Herum &#8211; Longieren (Jule)<\/p>\n\n\n\n<p>Donnerstag, 18:00 Uhr Hund(u) Aggi (Jule)<\/p>\n\n\n\n<p>Donnerstag, 19:15 Uhr Hund(u)Aggi (Jule)<\/p>\n\n\n\n<p>Freitag, 9:15 Uhr Hund(u)Herum &#8211; Longieren (Jule)<\/p>\n\n\n\n<p>Freitag, 10:30 Uhr Teamarbeit (Jule)<\/p>\n\n\n\n<p>Freitag, 15:00 Uhr Hund(u)Aggi (Jule)<\/p>\n\n\n\n<p>Freitag, 15:00 Uhr Nasenarbeit (Katrin)<\/p>\n\n\n\n<p>Freitag, 16:00 Uhr Hund(u) Aggi (Jule)<\/p>\n\n\n\n<p>Freitag, 16:15 Uhr Teamarbeit (Katrin)<\/p>\n\n\n\n<p>Freitag, 17:30 Uhr Pubertiere und andere Chaoten (Jule und Katrin)<\/p>\n\n\n\n<p>Freitag, 18:45 Uhr Welpen (alle)<\/p>\n\n\n\n<h1 class=\"wp-block-heading\">Laufende Kurse Reichshof &#8211; Heidberg<\/h1>\n\n\n\n<p>Samstag 10:00 Uhr Longieren (Katrin)<\/p>\n\n\n\n<p>Samstag 11:30 Uhr Nasenarbeit (Katrin)<\/p>\n\n\n\n<p><\/p>\n","protected":false},"excerpt":{"rendered":"<p>Begegnungstraining und Spazierg\u00e4nge Wir gehen regelm\u00e4\u00dfig spazieren. Termine und Planung erfolgen \u00fcber unser WhatsApp-Gruppe. Laufende Kurse Lindlar Mittwoch 18:00 Uhr Hund(u)Aggi (Jule) Mittwoch 19:00 Uhr Hund(u)Herum\u00a0 -Longieren (Jule) Donnerstag, 17:00 Uhr Hund(u)Herum &#8211; Longieren (Jule) Donnerstag, 18:00 Uhr Hund(u) Aggi (Jule) Donnerstag, 19:15 Uhr Hund(u)Aggi (Jule) Freitag, 9:15 Uhr Hund(u)Herum &#8211; Longieren (Jule) Freitag, 10:30 [&hellip;]<\/p>\n","protected":false},"author":1,"featured_media":0,"parent":0,"menu_order":0,"comment_status":"closed","ping_status":"closed","template":"","meta":{"pagelayer_contact_templates":[],"_pagelayer_content":"","footnotes":""},"class_list":["post-460","page","type-page","status-publish","hentry","wpbf-post"],"_links":{"self":[{"href":"https:\/\/hundu.info\/wp\/wp-json\/wp\/v2\/pages\/460","targetHints":{"allow":["GET"]}}],"collection":[{"href":"https:\/\/hundu.info\/wp\/wp-json\/wp\/v2\/pages"}],"about":[{"href":"https:\/\/hundu.info\/wp\/wp-json\/wp\/v2\/types\/page"}],"author":[{"embeddable":true,"href":"https:\/\/hundu.info\/wp\/wp-json\/wp\/v2\/users\/1"}],"replies":[{"embeddable":true,"href":"https:\/\/hundu.info\/wp\/wp-json\/wp\/v2\/comments?post=460"}],"version-history":[{"count":32,"href":"https:\/\/hundu.info\/wp\/wp-json\/wp\/v2\/pages\/460\/revisions"}],"predecessor-version":[{"id":701,"href":"https:\/\/hundu.info\/wp\/wp-json\/wp\/v2\/pages\/460\/revisions\/701"}],"wp:attachment":[{"href":"https:\/\/hundu.info\/wp\/wp-json\/wp\/v2\/media?parent=460"}],"curies":[{"name":"wp","href":"https:\/\/api.w.org\/{rel}","templated":true}]}}